{"id":3883,"date":"2021-04-27T13:02:41","date_gmt":"2021-04-27T10:02:41","guid":{"rendered":"http:\/\/195.13.240.8\/?page_id=3883"},"modified":"2026-05-07T09:18:08","modified_gmt":"2026-05-07T07:18:08","slug":"par-uznemumu","status":"publish","type":"page","link":"http:\/\/www.celuprojekts.lv\/en\/par-uznemumu\/","title":{"rendered":"About the company"},"content":{"rendered":"<div class=\"wp-block-group\"><div class=\"wp-block-group__inner-container\">\n<div style=\"height:10px\" aria-hidden=\"true\" class=\"wp-block-spacer\"><\/div>\n\n\n\n<div class=\"wp-block-image\"><figure class=\"aligncenter size-large is-resized\"><img loading=\"lazy\" src=\"https:\/\/www.celuprojekts.lv\/wp-content\/uploads\/2021\/04\/Celuprojekts_logo_small.png\" alt=\"Ce\u013cuprojekts logo\" class=\"wp-image-4006\" width=\"350\" height=\"240\" srcset=\"https:\/\/www.celuprojekts.lv\/wp-content\/uploads\/2021\/04\/Celuprojekts_logo_small.png 700w, https:\/\/www.celuprojekts.lv\/wp-content\/uploads\/2021\/04\/Celuprojekts_logo_small-300x206.png 300w, https:\/\/www.celuprojekts.lv\/wp-content\/uploads\/2021\/04\/Celuprojekts_logo_small-16x12.png 16w\" sizes=\"(max-width: 350px) 100vw, 350px\" \/><\/figure><\/div>\n\n\n\n<div style=\"height:10px\" aria-hidden=\"true\" class=\"wp-block-spacer\"><\/div>\n\n\n\n<p>AS \u201cCe\u013cuprojekts\u201d performs designing for the objects of the state orders and private companies. We secure a full cycle of designing works - from the intention to the note on fulfillment of the designing conditions in the construction permit, we provide services of author\u2019s supervision. We also carry out supervision of the construction work at the site.<\/p>\n\n\n\n<p>We cover a wide range of industry specializations - road and bridge designing, geotechnical research. We have experience, we can undertake and professionally execute large-scale and complicated designs, for example, in the urban environment we can not only design roads or bridges, but we can also arrange for the engineering communication design management, including topographic surveying and geotechnical research.<\/p>\n\n\n\n<p>The company has all necessary resources at its disposal: professional employees - engineers, the majority of whom are certified specialists, equipment required for geotechnical research works, geotechnical laboratory, that is why there is no need to involve subcontractors for work performance.<\/p>\n\n\n\n<p>The added value of the company is its rich designing experience: the company has been operating in this industry for over 60 years, many specialists have been working in it for several decades - sharing experience and training the new generation of employees.<\/p>\n\n\n\n<p>In the field of designing, we strive to offer the most innovative solutions, for example, we are currently one of the first in Latvia to perform design using BIM methodology.<\/p>\n\n\n\n<p>Our principle is honest and loyal attitude towards the customer, which means not always to implement the intentions unconditionally, but to offer the best solution in the long run.<\/p>\n\n\n\n<p>The company has implemented an ISO quality management system, which is confirmed by the granted certificate (it can be viewed <a href=\"https:\/\/www.celuprojekts.lv\/wp-content\/uploads\/2026\/05\/2026_Celuprojekts_9001_Eng.pdf\" target=\"_blank\" rel=\"noreferrer noopener\">here<\/a>).<\/p>\n<\/div><\/div>\n\n\n\n<div style=\"height:50px\" aria-hidden=\"true\" class=\"wp-block-spacer\"><\/div>\n\n\n\n<div class=\"wp-block-group\"><div class=\"wp-block-group__inner-container\">\n<h2 class=\"has-text-align-center has-theme-palette-1-color has-theme-palette-4-background-color has-text-color has-background\" style=\"line-height:1\">VACANCIES<\/h2>\n\n\n\n<p><strong>Tiltu b\u016bvtehni\u0137is\/b\u016bvin\u017eenieris<\/strong><\/p>\n\n\n\n<p>Mekl\u0113jam tiltu b\u016bvtehni\u0137i\/b\u016bvin\u017eenieri ar interesi un prasm\u0113m 3D model\u0113\u0161an\u0101.<\/p>\n\n\n\n<p><strong>Pras\u012bbas<\/strong><\/p>\n\n\n\n<p>&#8211; Vismaz uzs\u0101kta speci\u0101l\u0101&nbsp;(tehnikums, koled\u017ea, universit\u0101te)&nbsp;izgl\u012bt\u012bba in\u017eenierzin\u0101tn\u0113s (transportb\u016bves, visp\u0101r\u0113j\u0101 b\u016bvniec\u012bba)<\/p>\n\n\n\n<p>&#8211; Iema\u0146as darb\u0101 ar 2D projekt\u0113\u0161anas programm\u0101m (piem., AutoCAD)<\/p>\n\n\n\n<p>&#8211; Interese par 3D model\u0113\u0161anu un b\u016bvniec\u012bbu (kas tiek demonstr\u0113ta ar konkr\u0113tiem veiktajiem darbiem hobija, studiju vai iepriek\u0161\u0113jas darba pieredzes ietvaros)<\/p>\n\n\n\n<p>&#8211; Pa\u0161iniciat\u012bva darba pien\u0101kumu veik\u0161an\u0101 un izaugsm\u0113<\/p>\n\n\n\n<p><strong>V\u0113lams<\/strong><\/p>\n\n\n\n<p>&#8211; Tiltu b\u016bvniec\u012bb\u0101 pielietot\u0101s terminolo\u0123ijas p\u0101rzin\u0101\u0161ana<\/p>\n\n\n\n<p>&#8211; B\u016bvmeh\u0101nikas un konstrukciju apr\u0113\u0137inu principu p\u0101rzin\u0101\u0161ana<\/p>\n\n\n\n<p>&#8211; Praktiska pieredze konstrukciju apr\u0113\u0137inu veik\u0161an\u0101 (vismaz studiju projektu ietvaros)<\/p>\n\n\n\n<p>&#8211; Praktiska pieredze tiltu konstrukciju ras\u0113jumu izstr\u0101d\u0101\u0161an\u0101 (vismaz studiju projektu ietvaros)<\/p>\n\n\n\n<p>&#8211; Iema\u0146as darb\u0101 ar 3D projekt\u0113\u0161anas programm\u0101m (piem., Autodesk Revit vai Tekla Structures)<\/p>\n\n\n\n<p><strong>Darba pien\u0101kumi<\/strong><\/p>\n\n\n\n<p>&#8211; Izstr\u0101d\u0101t tiltu 3D mode\u013cus<\/p>\n\n\n\n<p>&#8211; Izstr\u0101d\u0101t tiltu b\u016bvprojektu dokument\u0101ciju (skices, sh\u0113mas, ras\u0113jumus, aprakstus u.c.)<\/p>\n\n\n\n<p>&#8211; Veikt izstr\u0101d\u0101t\u0101s b\u016bvprojekta dokument\u0101cijas un 3D mode\u013cu (<a href=\"http:\/\/t.sk\">t.sk<\/a>., ekspert\u012b\u017eu ietvaros) p\u0101rbaudi<\/p>\n\n\n\n<p>&#8211; Ieg\u016bt tiltu b\u016bvprojektu izstr\u0101dei nepiecie\u0161amos izejas datus (arh\u012bva materi\u0101lu izp\u0113te, objekta apseko\u0161ana, topogr\u0101fisk\u0101 izp\u0113te, \u0123eotehnisk\u0101 izp\u0113te, tehnisko noteikumu piepras\u012b\u0161ana u.c.)<\/p>\n\n\n\n<p>&#8211; Piedal\u012bties autoruzraudz\u012bbas darbos<\/p>\n\n\n\n<p><strong>Pied\u0101v\u0101jam<\/strong><\/p>\n\n\n\n<p>&#8211; Profesion\u0101l\u0101s izaugsmes iesp\u0113jas jaunie\u0161iem, kas v\u0113l ieg\u016bst izgl\u012bt\u012bbu, vai darbu ar noz\u012bm\u012bgiem objektiem jau pieredz\u0113ju\u0161iem speci\u0101listiem<\/p>\n\n\n\n<p>&#8211; Iesp\u0113ja str\u0101d\u0101t pieredz\u0113ju\u0161u un nozar\u0113 atz\u012btu profesion\u0101\u013cu komand\u0101<\/p>\n\n\n\n<p>&#8211; Iesp\u0113ja apg\u016bt tiltu b\u016bvin\u017eenierim nepiecie\u0161am\u0101s zin\u0101\u0161anas un prasmes darb\u0101 ar re\u0101liem objektiem, pieredz\u0113ju\u0161u kol\u0113\u0123u vad\u012bb\u0101<\/p>\n\n\n\n<p>&#8211; Iesp\u0113ja apg\u016bt 3D projekt\u0113\u0161anas prasmes darb\u0101 ar re\u0101liem objektiem, izmantojot Latvij\u0101 unik\u0101lu praktisko pieredzi tiltu 3D projekt\u0113\u0161an\u0101<\/p>\n\n\n\n<p>&#8211; Elast\u012bgs darba grafiks, ko iesp\u0113jams apvienot ar studij\u0101m<\/p>\n\n\n\n<p>&#8211; Atalgojums &#8211; bruto alga 1200-2500EUR\/m\u0113n. (atkar\u012bb\u0101 no kandid\u0101ta atbilst\u012bbas pras\u012bb\u0101m un v\u0113lamaj\u0101m prasm\u0113m)<\/p>\n\n\n\n<p>&#8211; Soci\u0101l\u0101s garantijas<\/p>\n\n\n\n<figure class=\"wp-block-image size-large\"><img loading=\"lazy\" width=\"847\" height=\"455\" src=\"https:\/\/www.celuprojekts.lv\/wp-content\/uploads\/2024\/07\/image.png\" alt=\"\" class=\"wp-image-5310\" srcset=\"https:\/\/www.celuprojekts.lv\/wp-content\/uploads\/2024\/07\/image.png 847w, https:\/\/www.celuprojekts.lv\/wp-content\/uploads\/2024\/07\/image-300x161.png 300w, https:\/\/www.celuprojekts.lv\/wp-content\/uploads\/2024\/07\/image-768x413.png 768w, https:\/\/www.celuprojekts.lv\/wp-content\/uploads\/2024\/07\/image-16x9.png 16w\" sizes=\"(max-width: 847px) 100vw, 847px\" \/><\/figure>\n\n\n\n<p><\/p>\n\n\n\n<div style=\"height:80px\" aria-hidden=\"true\" class=\"wp-block-spacer\"><\/div>\n<\/div><\/div>\n\n\n\n<p><\/p>","protected":false},"excerpt":{"rendered":"","protected":false},"author":2,"featured_media":4481,"parent":0,"menu_order":0,"comment_status":"closed","ping_status":"closed","template":"","meta":{"advgb_blocks_editor_width":"","advgb_blocks_columns_visual_guide":"","kt_blocks_editor_width":"","_kad_post_transparent":"","_kad_post_title":"","_kad_post_layout":"","_kad_post_sidebar_id":"","_kad_post_content_style":"","_kad_post_vertical_padding":"","_kad_post_feature":"","_kad_post_feature_position":"","_kad_post_header":false,"_kad_post_footer":false},"coauthors":[],"author_meta":{"author_link":"http:\/\/www.celuprojekts.lv\/en\/author\/admins\/","display_name":"Admins Admins"},"relative_dates":{"created":"Posted 5 years ago","modified":"Updated 1 week ago"},"featured_img_caption":"","_links":{"self":[{"href":"http:\/\/www.celuprojekts.lv\/en\/wp-json\/wp\/v2\/pages\/3883"}],"collection":[{"href":"http:\/\/www.celuprojekts.lv\/en\/wp-json\/wp\/v2\/pages"}],"about":[{"href":"http:\/\/www.celuprojekts.lv\/en\/wp-json\/wp\/v2\/types\/page"}],"author":[{"embeddable":true,"href":"http:\/\/www.celuprojekts.lv\/en\/wp-json\/wp\/v2\/users\/2"}],"replies":[{"embeddable":true,"href":"http:\/\/www.celuprojekts.lv\/en\/wp-json\/wp\/v2\/comments?post=3883"}],"version-history":[{"count":24,"href":"http:\/\/www.celuprojekts.lv\/en\/wp-json\/wp\/v2\/pages\/3883\/revisions"}],"predecessor-version":[{"id":5345,"href":"http:\/\/www.celuprojekts.lv\/en\/wp-json\/wp\/v2\/pages\/3883\/revisions\/5345"}],"wp:featuredmedia":[{"embeddable":true,"href":"http:\/\/www.celuprojekts.lv\/en\/wp-json\/wp\/v2\/media\/4481"}],"wp:attachment":[{"href":"http:\/\/www.celuprojekts.lv\/en\/wp-json\/wp\/v2\/media?parent=3883"}],"curies":[{"name":"wp","href":"https:\/\/api.w.org\/{rel}","templated":true}]}}